{"id":976,"date":"2025-10-14T11:23:17","date_gmt":"2025-10-14T11:23:17","guid":{"rendered":"https:\/\/alla-grande.com\/?page_id=976"},"modified":"2026-04-09T19:10:16","modified_gmt":"2026-04-09T17:10:16","slug":"design","status":"publish","type":"page","link":"https:\/\/alla-grande.com\/en\/design\/","title":{"rendered":"Design"},"content":{"rendered":"\t\t<div data-elementor-type=\"wp-page\" data-elementor-id=\"976\" class=\"elementor elementor-976\" data-elementor-post-type=\"page\">\n\t\t\t\t<div class=\"elementor-element elementor-element-4cc2ce52 e-con-full e-flex e-con e-parent\" data-id=\"4cc2ce52\" data-element_type=\"container\" data-e-type=\"container\" data-settings=\"{&quot;background_background&quot;:&quot;classic&quot;,&quot;motion_fx_motion_fx_scrolling&quot;:&quot;yes&quot;,&quot;motion_fx_devices&quot;:[&quot;desktop&quot;,&quot;tablet&quot;,&quot;mobile&quot;]}\">\n\t\t\t\t<div class=\"elementor-element elementor-element-2d720583 elementor-widget elementor-widget-heading\" data-id=\"2d720583\" data-element_type=\"widget\" data-e-type=\"widget\" data-widget_type=\"heading.default\">\n\t\t\t\t\t<h1 class=\"elementor-heading-title elementor-size-default\">Art &amp; Design - Objekte mit Charakter<\/h1>\t\t\t\t<\/div>\n\t\t\t\t<div class=\"elementor-element elementor-element-1f869953 elementor-widget elementor-widget-text-editor\" data-id=\"1f869953\" data-element_type=\"widget\" data-e-type=\"widget\" data-widget_type=\"text-editor.default\">\n\t\t\t\t\t\t\t\t\t<p>In dieser Serie vereine ich Kunst, Design und Architektur zu expressiven Objekten mit starker Symbolik. <br \/>Meine Entw\u00fcrfe &#8211; von M\u00f6beln \u00fcber Leuchten bis zu Skulpturen und Accessoires &#8211; <br \/>verwandeln Alltagsgegenst\u00e4nde in emotionale Kunstwerke, <br \/>die Form, Funktion und Poesie verbinden.<\/p>\t\t\t\t\t\t\t\t<\/div>\n\t\t\t\t<div class=\"elementor-element elementor-element-2549e689 elementor-widget elementor-widget-spacer\" data-id=\"2549e689\" data-element_type=\"widget\" data-e-type=\"widget\" data-widget_type=\"spacer.default\">\n\t\t\t\t\t\t\t<div class=\"elementor-spacer\">\n\t\t\t<div class=\"elementor-spacer-inner\"><\/div>\n\t\t<\/div>\n\t\t\t\t\t\t<\/div>\n\t\t\t\t<\/div>\n\t\t<div class=\"elementor-element elementor-element-3a3cd86 e-flex e-con-boxed e-con e-parent\" data-id=\"3a3cd86\" data-element_type=\"container\" data-e-type=\"container\">\n\t\t\t\t\t<div class=\"e-con-inner\">\n\t\t<div class=\"elementor-element elementor-element-0346fc4 e-con-full e-flex e-con e-child\" data-id=\"0346fc4\" data-element_type=\"container\" data-e-type=\"container\">\n\t\t\t\t<div class=\"elementor-element elementor-element-d51579d elementor-widget elementor-widget-heading\" data-id=\"d51579d\" data-element_type=\"widget\" data-e-type=\"widget\" data-widget_type=\"heading.default\">\n\t\t\t\t\t<h2 class=\"elementor-heading-title elementor-size-default\">Art trifft auf Design und Funktion<\/h2>\t\t\t\t<\/div>\n\t\t\t\t<div class=\"elementor-element elementor-element-1490218 elementor-widget elementor-widget-text-editor\" data-id=\"1490218\" data-element_type=\"widget\" data-e-type=\"widget\" data-widget_type=\"text-editor.default\">\n\t\t\t\t\t\t\t\t\t<p>Unter meinem Label ALLA GRANDE Design habe ich zahlreiche Art-Design-Objekte entwickelt, die die Grenzen zwischen Kunst und Funktion aufl\u00f6sen. Einige dieser Projekte entstanden in Zusammenarbeit mit internationalen Unternehmen und werden bis heute deutschlandweit und weltweit vertrieben. Ob grafische Muster, abstrahierte Profile oder mein ikonisches Kuss-Motiv &#8211; jedes St\u00fcck tr\u00e4gt meine klare gestalterische Handschrift, in der Humor, Sinnlichkeit und architektonische Pr\u00e4zision zu einem unverwechselbaren Stil verschmelzen.<\/p>\t\t\t\t\t\t\t\t<\/div>\n\t\t\t\t<\/div>\n\t\t\t\t\t<\/div>\n\t\t\t\t<\/div>\n\t\t<div class=\"elementor-element elementor-element-338b6bd0 e-grid e-con-boxed e-con e-parent\" data-id=\"338b6bd0\" data-element_type=\"container\" data-e-type=\"container\" data-settings=\"{&quot;background_background&quot;:&quot;classic&quot;}\">\n\t\t\t\t\t<div class=\"e-con-inner\">\n\t\t\t\t<div class=\"elementor-element elementor-element-602bec7 elementor-widget elementor-widget-image\" data-id=\"602bec7\" data-element_type=\"widget\" data-e-type=\"widget\" data-widget_type=\"image.default\">\n\t\t\t\t\t\t\t\t\t\t\t\t<figure class=\"wp-caption\">\n\t\t\t\t\t\t\t\t\t\t\t<a href=\"https:\/\/alla-grande.com\/wp-content\/uploads\/2025\/11\/2022_FLOOR-LAMP-LIBELLE.jpg\">\n\t\t\t\t\t\t\t<img fetchpriority=\"high\" decoding=\"async\" width=\"800\" height=\"800\" src=\"https:\/\/alla-grande.com\/wp-content\/uploads\/2025\/11\/2022_FLOOR-LAMP-LIBELLE-1024x1024.jpg\" class=\"attachment-large size-large wp-image-4352\" alt=\"\" srcset=\"https:\/\/alla-grande.com\/wp-content\/uploads\/2025\/11\/2022_FLOOR-LAMP-LIBELLE-1024x1024.jpg 1024w, https:\/\/alla-grande.com\/wp-content\/uploads\/2025\/11\/2022_FLOOR-LAMP-LIBELLE-300x300.jpg 300w, https:\/\/alla-grande.com\/wp-content\/uploads\/2025\/11\/2022_FLOOR-LAMP-LIBELLE-150x150.jpg 150w, https:\/\/alla-grande.com\/wp-content\/uploads\/2025\/11\/2022_FLOOR-LAMP-LIBELLE-768x768.jpg 768w, https:\/\/alla-grande.com\/wp-content\/uploads\/2025\/11\/2022_FLOOR-LAMP-LIBELLE-1536x1536.jpg 1536w, https:\/\/alla-grande.com\/wp-content\/uploads\/2025\/11\/2022_FLOOR-LAMP-LIBELLE-2048x2048.jpg 2048w, https:\/\/alla-grande.com\/wp-content\/uploads\/2025\/11\/2022_FLOOR-LAMP-LIBELLE-12x12.jpg 12w\" sizes=\"(max-width: 800px) 100vw, 800px\" \/>\t\t\t\t\t\t\t\t<\/a>\n\t\t\t\t\t\t\t\t\t\t\t<figcaption class=\"widget-image-caption wp-caption-text\">FLOOR LAMP LIBELLE<br \/>2022<br \/>made of felt \/ draft<\/figcaption>\n\t\t\t\t\t\t\t\t\t\t<\/figure>\n\t\t\t\t\t\t\t\t\t<\/div>\n\t\t\t\t<div class=\"elementor-element elementor-element-6f343395 elementor-widget elementor-widget-image\" data-id=\"6f343395\" data-element_type=\"widget\" data-e-type=\"widget\" data-widget_type=\"image.default\">\n\t\t\t\t\t\t\t\t\t\t\t\t<figure class=\"wp-caption\">\n\t\t\t\t\t\t\t\t\t\t\t<a href=\"https:\/\/alla-grande.com\/wp-content\/uploads\/2025\/11\/2012_ART-EDITION-LIGHT-SCHADOW_TEBA.jpg\">\n\t\t\t\t\t\t\t<img decoding=\"async\" width=\"800\" height=\"800\" src=\"https:\/\/alla-grande.com\/wp-content\/uploads\/2025\/11\/2012_ART-EDITION-LIGHT-SCHADOW_TEBA-1024x1024.jpg\" class=\"attachment-large size-large wp-image-4363\" alt=\"\" srcset=\"https:\/\/alla-grande.com\/wp-content\/uploads\/2025\/11\/2012_ART-EDITION-LIGHT-SCHADOW_TEBA-1024x1024.jpg 1024w, https:\/\/alla-grande.com\/wp-content\/uploads\/2025\/11\/2012_ART-EDITION-LIGHT-SCHADOW_TEBA-300x300.jpg 300w, https:\/\/alla-grande.com\/wp-content\/uploads\/2025\/11\/2012_ART-EDITION-LIGHT-SCHADOW_TEBA-150x150.jpg 150w, https:\/\/alla-grande.com\/wp-content\/uploads\/2025\/11\/2012_ART-EDITION-LIGHT-SCHADOW_TEBA-768x768.jpg 768w, https:\/\/alla-grande.com\/wp-content\/uploads\/2025\/11\/2012_ART-EDITION-LIGHT-SCHADOW_TEBA-1536x1536.jpg 1536w, https:\/\/alla-grande.com\/wp-content\/uploads\/2025\/11\/2012_ART-EDITION-LIGHT-SCHADOW_TEBA-2048x2048.jpg 2048w, https:\/\/alla-grande.com\/wp-content\/uploads\/2025\/11\/2012_ART-EDITION-LIGHT-SCHADOW_TEBA-12x12.jpg 12w\" sizes=\"(max-width: 800px) 100vw, 800px\" \/>\t\t\t\t\t\t\t\t<\/a>\n\t\t\t\t\t\t\t\t\t\t\t<figcaption class=\"widget-image-caption wp-caption-text\">ART EDITION <br \/>LIGHT &amp; SCHADOW<br \/>2012<br \/><\/figcaption>\n\t\t\t\t\t\t\t\t\t\t<\/figure>\n\t\t\t\t\t\t\t\t\t<\/div>\n\t\t\t\t<div class=\"elementor-element elementor-element-17e96c7f elementor-widget elementor-widget-image\" data-id=\"17e96c7f\" data-element_type=\"widget\" data-e-type=\"widget\" data-widget_type=\"image.default\">\n\t\t\t\t\t\t\t\t\t\t\t\t<figure class=\"wp-caption\">\n\t\t\t\t\t\t\t\t\t\t\t<a href=\"https:\/\/alla-grande.com\/wp-content\/uploads\/2025\/11\/2015_CarpetVista.jpg\">\n\t\t\t\t\t\t\t<img decoding=\"async\" width=\"800\" height=\"800\" src=\"https:\/\/alla-grande.com\/wp-content\/uploads\/2025\/11\/2015_CarpetVista-1024x1024.jpg\" class=\"attachment-large size-large wp-image-4367\" alt=\"\" srcset=\"https:\/\/alla-grande.com\/wp-content\/uploads\/2025\/11\/2015_CarpetVista-1024x1024.jpg 1024w, https:\/\/alla-grande.com\/wp-content\/uploads\/2025\/11\/2015_CarpetVista-300x300.jpg 300w, https:\/\/alla-grande.com\/wp-content\/uploads\/2025\/11\/2015_CarpetVista-150x150.jpg 150w, https:\/\/alla-grande.com\/wp-content\/uploads\/2025\/11\/2015_CarpetVista-768x768.jpg 768w, https:\/\/alla-grande.com\/wp-content\/uploads\/2025\/11\/2015_CarpetVista-1536x1536.jpg 1536w, https:\/\/alla-grande.com\/wp-content\/uploads\/2025\/11\/2015_CarpetVista-2048x2048.jpg 2048w, https:\/\/alla-grande.com\/wp-content\/uploads\/2025\/11\/2015_CarpetVista-12x12.jpg 12w\" sizes=\"(max-width: 800px) 100vw, 800px\" \/>\t\t\t\t\t\t\t\t<\/a>\n\t\t\t\t\t\t\t\t\t\t\t<figcaption class=\"widget-image-caption wp-caption-text\">CarpetVista<br \/>Chess Kiss Collection<br \/>2015<\/figcaption>\n\t\t\t\t\t\t\t\t\t\t<\/figure>\n\t\t\t\t\t\t\t\t\t<\/div>\n\t\t\t\t<div class=\"elementor-element elementor-element-53c24cb8 elementor-widget elementor-widget-image\" data-id=\"53c24cb8\" data-element_type=\"widget\" data-e-type=\"widget\" data-widget_type=\"image.default\">\n\t\t\t\t\t\t\t\t\t\t\t\t<figure class=\"wp-caption\">\n\t\t\t\t\t\t\t\t\t\t\t<a href=\"https:\/\/alla-grande.com\/wp-content\/uploads\/2025\/11\/2015_LOUNGER-LOVE.jpg\">\n\t\t\t\t\t\t\t<img loading=\"lazy\" decoding=\"async\" width=\"800\" height=\"800\" src=\"https:\/\/alla-grande.com\/wp-content\/uploads\/2025\/11\/2015_LOUNGER-LOVE-1024x1024.jpg\" class=\"attachment-large size-large wp-image-4371\" alt=\"\" srcset=\"https:\/\/alla-grande.com\/wp-content\/uploads\/2025\/11\/2015_LOUNGER-LOVE-1024x1024.jpg 1024w, https:\/\/alla-grande.com\/wp-content\/uploads\/2025\/11\/2015_LOUNGER-LOVE-300x300.jpg 300w, https:\/\/alla-grande.com\/wp-content\/uploads\/2025\/11\/2015_LOUNGER-LOVE-150x150.jpg 150w, https:\/\/alla-grande.com\/wp-content\/uploads\/2025\/11\/2015_LOUNGER-LOVE-768x768.jpg 768w, https:\/\/alla-grande.com\/wp-content\/uploads\/2025\/11\/2015_LOUNGER-LOVE-1536x1536.jpg 1536w, https:\/\/alla-grande.com\/wp-content\/uploads\/2025\/11\/2015_LOUNGER-LOVE-2048x2048.jpg 2048w, https:\/\/alla-grande.com\/wp-content\/uploads\/2025\/11\/2015_LOUNGER-LOVE-12x12.jpg 12w\" sizes=\"(max-width: 800px) 100vw, 800px\" \/>\t\t\t\t\t\t\t\t<\/a>\n\t\t\t\t\t\t\t\t\t\t\t<figcaption class=\"widget-image-caption wp-caption-text\">LOUNGER LOVE<br \/>ArtDesign Object<br \/>2015<\/figcaption>\n\t\t\t\t\t\t\t\t\t\t<\/figure>\n\t\t\t\t\t\t\t\t\t<\/div>\n\t\t\t\t<div class=\"elementor-element elementor-element-74aa04f1 elementor-widget elementor-widget-image\" data-id=\"74aa04f1\" data-element_type=\"widget\" data-e-type=\"widget\" data-widget_type=\"image.default\">\n\t\t\t\t\t\t\t\t\t\t\t\t<figure class=\"wp-caption\">\n\t\t\t\t\t\t\t\t\t\t\t<a href=\"https:\/\/alla-grande.com\/wp-content\/uploads\/2025\/11\/2015_BABY-BED.jpg\">\n\t\t\t\t\t\t\t<img loading=\"lazy\" decoding=\"async\" width=\"800\" height=\"800\" src=\"https:\/\/alla-grande.com\/wp-content\/uploads\/2025\/11\/2015_BABY-BED-1024x1024.jpg\" class=\"attachment-large size-large wp-image-4375\" alt=\"\" srcset=\"https:\/\/alla-grande.com\/wp-content\/uploads\/2025\/11\/2015_BABY-BED-1024x1024.jpg 1024w, https:\/\/alla-grande.com\/wp-content\/uploads\/2025\/11\/2015_BABY-BED-300x300.jpg 300w, https:\/\/alla-grande.com\/wp-content\/uploads\/2025\/11\/2015_BABY-BED-150x150.jpg 150w, https:\/\/alla-grande.com\/wp-content\/uploads\/2025\/11\/2015_BABY-BED-768x768.jpg 768w, https:\/\/alla-grande.com\/wp-content\/uploads\/2025\/11\/2015_BABY-BED-1536x1536.jpg 1536w, https:\/\/alla-grande.com\/wp-content\/uploads\/2025\/11\/2015_BABY-BED-2048x2048.jpg 2048w, https:\/\/alla-grande.com\/wp-content\/uploads\/2025\/11\/2015_BABY-BED-12x12.jpg 12w\" sizes=\"(max-width: 800px) 100vw, 800px\" \/>\t\t\t\t\t\t\t\t<\/a>\n\t\t\t\t\t\t\t\t\t\t\t<figcaption class=\"widget-image-caption wp-caption-text\">BABY BED KISS<br \/>Furniture Collection<br \/>2015<\/figcaption>\n\t\t\t\t\t\t\t\t\t\t<\/figure>\n\t\t\t\t\t\t\t\t\t<\/div>\n\t\t\t\t<div class=\"elementor-element elementor-element-1538362a elementor-widget elementor-widget-image\" data-id=\"1538362a\" data-element_type=\"widget\" data-e-type=\"widget\" data-widget_type=\"image.default\">\n\t\t\t\t\t\t\t\t\t\t\t\t<figure class=\"wp-caption\">\n\t\t\t\t\t\t\t\t\t\t\t<a href=\"https:\/\/alla-grande.com\/wp-content\/uploads\/2025\/11\/2016_KISS-Guertelschnalle.jpg\">\n\t\t\t\t\t\t\t<img loading=\"lazy\" decoding=\"async\" width=\"800\" height=\"800\" src=\"https:\/\/alla-grande.com\/wp-content\/uploads\/2025\/11\/2016_KISS-Guertelschnalle-1024x1024.jpg\" class=\"attachment-large size-large wp-image-4383\" alt=\"\" srcset=\"https:\/\/alla-grande.com\/wp-content\/uploads\/2025\/11\/2016_KISS-Guertelschnalle-1024x1024.jpg 1024w, https:\/\/alla-grande.com\/wp-content\/uploads\/2025\/11\/2016_KISS-Guertelschnalle-300x300.jpg 300w, https:\/\/alla-grande.com\/wp-content\/uploads\/2025\/11\/2016_KISS-Guertelschnalle-150x150.jpg 150w, https:\/\/alla-grande.com\/wp-content\/uploads\/2025\/11\/2016_KISS-Guertelschnalle-768x768.jpg 768w, https:\/\/alla-grande.com\/wp-content\/uploads\/2025\/11\/2016_KISS-Guertelschnalle-1536x1536.jpg 1536w, https:\/\/alla-grande.com\/wp-content\/uploads\/2025\/11\/2016_KISS-Guertelschnalle-2048x2048.jpg 2048w, https:\/\/alla-grande.com\/wp-content\/uploads\/2025\/11\/2016_KISS-Guertelschnalle-12x12.jpg 12w\" sizes=\"(max-width: 800px) 100vw, 800px\" \/>\t\t\t\t\t\t\t\t<\/a>\n\t\t\t\t\t\t\t\t\t\t\t<figcaption class=\"widget-image-caption wp-caption-text\">KISS BELT BUCKLE<br \/>Fashion Design<br \/>2016<\/figcaption>\n\t\t\t\t\t\t\t\t\t\t<\/figure>\n\t\t\t\t\t\t\t\t\t<\/div>\n\t\t\t\t<div class=\"elementor-element elementor-element-57a021f5 elementor-widget elementor-widget-image\" data-id=\"57a021f5\" data-element_type=\"widget\" data-e-type=\"widget\" data-widget_type=\"image.default\">\n\t\t\t\t\t\t\t\t\t\t\t\t<figure class=\"wp-caption\">\n\t\t\t\t\t\t\t\t\t\t\t<a href=\"https:\/\/alla-grande.com\/wp-content\/uploads\/2025\/11\/2012_KISS-Ring-Mini-Skulptur.jpg\">\n\t\t\t\t\t\t\t<img loading=\"lazy\" decoding=\"async\" width=\"800\" height=\"800\" src=\"https:\/\/alla-grande.com\/wp-content\/uploads\/2025\/11\/2012_KISS-Ring-Mini-Skulptur-1024x1024.jpg\" class=\"attachment-large size-large wp-image-4392\" alt=\"\" srcset=\"https:\/\/alla-grande.com\/wp-content\/uploads\/2025\/11\/2012_KISS-Ring-Mini-Skulptur-1024x1024.jpg 1024w, https:\/\/alla-grande.com\/wp-content\/uploads\/2025\/11\/2012_KISS-Ring-Mini-Skulptur-300x300.jpg 300w, https:\/\/alla-grande.com\/wp-content\/uploads\/2025\/11\/2012_KISS-Ring-Mini-Skulptur-150x150.jpg 150w, https:\/\/alla-grande.com\/wp-content\/uploads\/2025\/11\/2012_KISS-Ring-Mini-Skulptur-768x768.jpg 768w, https:\/\/alla-grande.com\/wp-content\/uploads\/2025\/11\/2012_KISS-Ring-Mini-Skulptur-1536x1536.jpg 1536w, https:\/\/alla-grande.com\/wp-content\/uploads\/2025\/11\/2012_KISS-Ring-Mini-Skulptur-2048x2048.jpg 2048w, https:\/\/alla-grande.com\/wp-content\/uploads\/2025\/11\/2012_KISS-Ring-Mini-Skulptur-12x12.jpg 12w\" sizes=\"(max-width: 800px) 100vw, 800px\" \/>\t\t\t\t\t\t\t\t<\/a>\n\t\t\t\t\t\t\t\t\t\t\t<figcaption class=\"widget-image-caption wp-caption-text\">KISS RING<br \/>Mini Sculpture<br \/>2012<\/figcaption>\n\t\t\t\t\t\t\t\t\t\t<\/figure>\n\t\t\t\t\t\t\t\t\t<\/div>\n\t\t\t\t\t<\/div>\n\t\t\t\t<\/div>\n\t\t\t\t<\/div>\n\t\t","protected":false},"excerpt":{"rendered":"<p>Art &amp; Design &#8211; Objekte mit Charakter In dieser Serie vereine ich Kunst, Design und Architektur zu expressiven Objekten mit starker Symbolik. Meine Entw\u00fcrfe &#8211; von M\u00f6beln \u00fcber Leuchten bis zu Skulpturen und Accessoires &#8211; verwandeln Alltagsgegenst\u00e4nde in emotionale Kunstwerke, die Form, Funktion und Poesie verbinden. Art trifft auf Design und Funktion Unter meinem Label [&hellip;]<\/p>\n","protected":false},"author":2,"featured_media":0,"parent":0,"menu_order":0,"comment_status":"closed","ping_status":"closed","template":"","meta":{"footnotes":""},"class_list":["post-976","page","type-page","status-publish","hentry"],"_links":{"self":[{"href":"https:\/\/alla-grande.com\/en\/wp-json\/wp\/v2\/pages\/976","targetHints":{"allow":["GET"]}}],"collection":[{"href":"https:\/\/alla-grande.com\/en\/wp-json\/wp\/v2\/pages"}],"about":[{"href":"https:\/\/alla-grande.com\/en\/wp-json\/wp\/v2\/types\/page"}],"author":[{"embeddable":true,"href":"https:\/\/alla-grande.com\/en\/wp-json\/wp\/v2\/users\/2"}],"replies":[{"embeddable":true,"href":"https:\/\/alla-grande.com\/en\/wp-json\/wp\/v2\/comments?post=976"}],"version-history":[{"count":28,"href":"https:\/\/alla-grande.com\/en\/wp-json\/wp\/v2\/pages\/976\/revisions"}],"predecessor-version":[{"id":6684,"href":"https:\/\/alla-grande.com\/en\/wp-json\/wp\/v2\/pages\/976\/revisions\/6684"}],"wp:attachment":[{"href":"https:\/\/alla-grande.com\/en\/wp-json\/wp\/v2\/media?parent=976"}],"curies":[{"name":"wp","href":"https:\/\/api.w.org\/{rel}","templated":true}]}}