{"id":966,"date":"2025-10-14T11:09:09","date_gmt":"2025-10-14T11:09:09","guid":{"rendered":"https:\/\/alla-grande.com\/?page_id=966"},"modified":"2026-04-09T19:10:13","modified_gmt":"2026-04-09T17:10:13","slug":"abstrakt","status":"publish","type":"page","link":"https:\/\/alla-grande.com\/en\/abstrakt\/","title":{"rendered":"Abstract"},"content":{"rendered":"\t\t<div data-elementor-type=\"wp-page\" data-elementor-id=\"966\" class=\"elementor elementor-966\" data-elementor-post-type=\"page\">\n\t\t\t\t<div class=\"elementor-element elementor-element-644ac59 e-con-full e-flex e-con e-parent\" data-id=\"644ac59\" data-element_type=\"container\" data-e-type=\"container\" data-settings=\"{&quot;background_background&quot;:&quot;classic&quot;,&quot;motion_fx_motion_fx_scrolling&quot;:&quot;yes&quot;,&quot;motion_fx_devices&quot;:[&quot;desktop&quot;,&quot;tablet&quot;,&quot;mobile&quot;]}\">\n\t\t\t\t<div class=\"elementor-element elementor-element-8f9d94e elementor-widget elementor-widget-heading\" data-id=\"8f9d94e\" data-element_type=\"widget\" data-e-type=\"widget\" data-widget_type=\"heading.default\">\n\t\t\t\t\t<h2 class=\"elementor-heading-title elementor-size-default\">Abstrakte Kunst - Farbe, Struktur und Bewegung im Dialog <\/h2>\t\t\t\t<\/div>\n\t\t\t\t<div class=\"elementor-element elementor-element-2d98758 elementor-widget elementor-widget-text-editor\" data-id=\"2d98758\" data-element_type=\"widget\" data-e-type=\"widget\" data-widget_type=\"text-editor.default\">\n\t\t\t\t\t\t\t\t\t<p>In meinen abstrakten Arbeiten werden Farbe, Struktur und Bewegung zu einer stillen Sprache.<\/p>\t\t\t\t\t\t\t\t<\/div>\n\t\t\t\t<\/div>\n\t\t<div class=\"elementor-element elementor-element-0b72f1d e-flex e-con-boxed e-con e-parent\" data-id=\"0b72f1d\" data-element_type=\"container\" data-e-type=\"container\">\n\t\t\t\t\t<div class=\"e-con-inner\">\n\t\t<div class=\"elementor-element elementor-element-87b4346 e-con-full e-flex e-con e-child\" data-id=\"87b4346\" data-element_type=\"container\" data-e-type=\"container\">\n\t\t\t\t<div class=\"elementor-element elementor-element-0d560cb elementor-widget elementor-widget-heading\" data-id=\"0d560cb\" data-element_type=\"widget\" data-e-type=\"widget\" data-widget_type=\"heading.default\">\n\t\t\t\t\t<h2 class=\"elementor-heading-title elementor-size-default\">Visuelle Kompositionen - zwischen Energie und Ruhe<\/h2>\t\t\t\t<\/div>\n\t\t\t\t<div class=\"elementor-element elementor-element-dc8f8ca elementor-widget elementor-widget-text-editor\" data-id=\"dc8f8ca\" data-element_type=\"widget\" data-e-type=\"widget\" data-widget_type=\"text-editor.default\">\n\t\t\t\t\t\t\t\t\t<p>Oft entstehen meine Ideen lange, bevor ich sie umsetze &#8211; manchmal als vages Bild im Kopf, manchmal ausgel\u00f6st durch einen Moment im Alltag. Ein Film, ein Lichtreflex, eine Bewegung, ein Stoff, ein Muster auf der Stra\u00dfe &#8211; vieles, was anderen entgeht, ber\u00fchrt mich und wird zu einem inneren Impuls. Wenn ich beginne zu arbeiten, geschieht vieles spontan. Intuition und Pr\u00e4zision greifen ineinander, Formen entwickeln sich aus Bewegung, Schichten aus Gef\u00fchl. So entstehen Kompositionen, in denen Energie und Ruhe zugleich sp\u00fcrbar werden &#8211; visuelle Erinnerungen an Empfindungen, die zwischen Realit\u00e4t und Imagination liegen.<\/p>\t\t\t\t\t\t\t\t<\/div>\n\t\t\t\t<\/div>\n\t\t\t\t\t<\/div>\n\t\t\t\t<\/div>\n\t\t<div class=\"elementor-element elementor-element-1a89697f e-grid e-con-boxed e-con e-parent\" data-id=\"1a89697f\" data-element_type=\"container\" data-e-type=\"container\" data-settings=\"{&quot;background_background&quot;:&quot;classic&quot;}\">\n\t\t\t\t\t<div class=\"e-con-inner\">\n\t\t\t\t<div class=\"elementor-element elementor-element-451b440 elementor-widget elementor-widget-image\" data-id=\"451b440\" data-element_type=\"widget\" data-e-type=\"widget\" data-widget_type=\"image.default\">\n\t\t\t\t\t\t\t\t\t\t\t\t<figure class=\"wp-caption\">\n\t\t\t\t\t\t\t\t\t\t\t<a href=\"https:\/\/alla-grande.com\/wp-content\/uploads\/2025\/10\/2015_TULIP-FIELD-_160x160cm.jpg\">\n\t\t\t\t\t\t\t<img fetchpriority=\"high\" decoding=\"async\" width=\"800\" height=\"800\" src=\"https:\/\/alla-grande.com\/wp-content\/uploads\/2025\/10\/2015_TULIP-FIELD-_160x160cm-1024x1024.jpg\" class=\"attachment-large size-large wp-image-3135\" alt=\"\" srcset=\"https:\/\/alla-grande.com\/wp-content\/uploads\/2025\/10\/2015_TULIP-FIELD-_160x160cm-1024x1024.jpg 1024w, https:\/\/alla-grande.com\/wp-content\/uploads\/2025\/10\/2015_TULIP-FIELD-_160x160cm-300x300.jpg 300w, https:\/\/alla-grande.com\/wp-content\/uploads\/2025\/10\/2015_TULIP-FIELD-_160x160cm-150x150.jpg 150w, https:\/\/alla-grande.com\/wp-content\/uploads\/2025\/10\/2015_TULIP-FIELD-_160x160cm-768x768.jpg 768w, https:\/\/alla-grande.com\/wp-content\/uploads\/2025\/10\/2015_TULIP-FIELD-_160x160cm-1536x1536.jpg 1536w, https:\/\/alla-grande.com\/wp-content\/uploads\/2025\/10\/2015_TULIP-FIELD-_160x160cm-12x12.webp 12w, https:\/\/alla-grande.com\/wp-content\/uploads\/2025\/10\/2015_TULIP-FIELD-_160x160cm.jpg 2000w\" sizes=\"(max-width: 800px) 100vw, 800px\" \/>\t\t\t\t\t\t\t\t<\/a>\n\t\t\t\t\t\t\t\t\t\t\t<figcaption class=\"widget-image-caption wp-caption-text\">TULIP FELD<br \/>2015_household gloss on canvas_160x160cm<\/figcaption>\n\t\t\t\t\t\t\t\t\t\t<\/figure>\n\t\t\t\t\t\t\t\t\t<\/div>\n\t\t\t\t<div class=\"elementor-element elementor-element-0844d88 elementor-widget elementor-widget-image\" data-id=\"0844d88\" data-element_type=\"widget\" data-e-type=\"widget\" data-widget_type=\"image.default\">\n\t\t\t\t\t\t\t\t\t\t\t\t<figure class=\"wp-caption\">\n\t\t\t\t\t\t\t\t\t\t\t<a href=\"https:\/\/alla-grande.com\/wp-content\/uploads\/2025\/10\/2015_GOLD-DIAMOND_160x160cm-.jpg\">\n\t\t\t\t\t\t\t<img decoding=\"async\" width=\"800\" height=\"800\" src=\"https:\/\/alla-grande.com\/wp-content\/uploads\/2025\/10\/2015_GOLD-DIAMOND_160x160cm--1024x1024.jpg\" class=\"attachment-large size-large wp-image-3110\" alt=\"\" srcset=\"https:\/\/alla-grande.com\/wp-content\/uploads\/2025\/10\/2015_GOLD-DIAMOND_160x160cm--1024x1024.jpg 1024w, https:\/\/alla-grande.com\/wp-content\/uploads\/2025\/10\/2015_GOLD-DIAMOND_160x160cm--300x300.jpg 300w, https:\/\/alla-grande.com\/wp-content\/uploads\/2025\/10\/2015_GOLD-DIAMOND_160x160cm--150x150.jpg 150w, https:\/\/alla-grande.com\/wp-content\/uploads\/2025\/10\/2015_GOLD-DIAMOND_160x160cm--768x768.jpg 768w, https:\/\/alla-grande.com\/wp-content\/uploads\/2025\/10\/2015_GOLD-DIAMOND_160x160cm--12x12.jpg 12w, https:\/\/alla-grande.com\/wp-content\/uploads\/2025\/10\/2015_GOLD-DIAMOND_160x160cm-.jpg 1400w\" sizes=\"(max-width: 800px) 100vw, 800px\" \/>\t\t\t\t\t\t\t\t<\/a>\n\t\t\t\t\t\t\t\t\t\t\t<figcaption class=\"widget-image-caption wp-caption-text\">GOLD DIAMOND<br \/>2015_household gloss on canvas_160x160cm<\/figcaption>\n\t\t\t\t\t\t\t\t\t\t<\/figure>\n\t\t\t\t\t\t\t\t\t<\/div>\n\t\t\t\t<div class=\"elementor-element elementor-element-4a02acd elementor-widget elementor-widget-image\" data-id=\"4a02acd\" data-element_type=\"widget\" data-e-type=\"widget\" data-widget_type=\"image.default\">\n\t\t\t\t\t\t\t\t\t\t\t\t<figure class=\"wp-caption\">\n\t\t\t\t\t\t\t\t\t\t\t<a href=\"https:\/\/alla-grande.com\/wp-content\/uploads\/2025\/10\/2015_GOLD-DIAMOND_80x80cm.jpg\">\n\t\t\t\t\t\t\t<img decoding=\"async\" width=\"800\" height=\"800\" src=\"https:\/\/alla-grande.com\/wp-content\/uploads\/2025\/10\/2015_GOLD-DIAMOND_80x80cm-1024x1024.jpg\" class=\"attachment-large size-large wp-image-3114\" alt=\"\" srcset=\"https:\/\/alla-grande.com\/wp-content\/uploads\/2025\/10\/2015_GOLD-DIAMOND_80x80cm-1024x1024.jpg 1024w, https:\/\/alla-grande.com\/wp-content\/uploads\/2025\/10\/2015_GOLD-DIAMOND_80x80cm-300x300.jpg 300w, https:\/\/alla-grande.com\/wp-content\/uploads\/2025\/10\/2015_GOLD-DIAMOND_80x80cm-150x150.jpg 150w, https:\/\/alla-grande.com\/wp-content\/uploads\/2025\/10\/2015_GOLD-DIAMOND_80x80cm-768x768.jpg 768w, https:\/\/alla-grande.com\/wp-content\/uploads\/2025\/10\/2015_GOLD-DIAMOND_80x80cm-12x12.jpg 12w, https:\/\/alla-grande.com\/wp-content\/uploads\/2025\/10\/2015_GOLD-DIAMOND_80x80cm.jpg 1200w\" sizes=\"(max-width: 800px) 100vw, 800px\" \/>\t\t\t\t\t\t\t\t<\/a>\n\t\t\t\t\t\t\t\t\t\t\t<figcaption class=\"widget-image-caption wp-caption-text\">GOLD DIAMOND<br \/>2015_household gloss on canvas_80x80cm<\/figcaption>\n\t\t\t\t\t\t\t\t\t\t<\/figure>\n\t\t\t\t\t\t\t\t\t<\/div>\n\t\t\t\t<div class=\"elementor-element elementor-element-09cccf8 elementor-widget elementor-widget-image\" data-id=\"09cccf8\" data-element_type=\"widget\" data-e-type=\"widget\" data-widget_type=\"image.default\">\n\t\t\t\t\t\t\t\t\t\t\t\t<figure class=\"wp-caption\">\n\t\t\t\t\t\t\t\t\t\t\t<a href=\"https:\/\/alla-grande.com\/wp-content\/uploads\/2025\/10\/2015_BLACK-DIAMOND_80x80cm.jpg\">\n\t\t\t\t\t\t\t<img loading=\"lazy\" decoding=\"async\" width=\"800\" height=\"800\" src=\"https:\/\/alla-grande.com\/wp-content\/uploads\/2025\/10\/2015_BLACK-DIAMOND_80x80cm-1024x1024.jpg\" class=\"attachment-large size-large wp-image-3106\" alt=\"\" srcset=\"https:\/\/alla-grande.com\/wp-content\/uploads\/2025\/10\/2015_BLACK-DIAMOND_80x80cm-1024x1024.jpg 1024w, https:\/\/alla-grande.com\/wp-content\/uploads\/2025\/10\/2015_BLACK-DIAMOND_80x80cm-300x300.jpg 300w, https:\/\/alla-grande.com\/wp-content\/uploads\/2025\/10\/2015_BLACK-DIAMOND_80x80cm-150x150.jpg 150w, https:\/\/alla-grande.com\/wp-content\/uploads\/2025\/10\/2015_BLACK-DIAMOND_80x80cm-768x768.jpg 768w, https:\/\/alla-grande.com\/wp-content\/uploads\/2025\/10\/2015_BLACK-DIAMOND_80x80cm-12x12.jpg 12w, https:\/\/alla-grande.com\/wp-content\/uploads\/2025\/10\/2015_BLACK-DIAMOND_80x80cm.jpg 1300w\" sizes=\"(max-width: 800px) 100vw, 800px\" \/>\t\t\t\t\t\t\t\t<\/a>\n\t\t\t\t\t\t\t\t\t\t\t<figcaption class=\"widget-image-caption wp-caption-text\">BLACK DIAMOND<br \/>2015_household gloss on canvas_80x80cm<\/figcaption>\n\t\t\t\t\t\t\t\t\t\t<\/figure>\n\t\t\t\t\t\t\t\t\t<\/div>\n\t\t\t\t<div class=\"elementor-element elementor-element-c2b76a8 elementor-widget elementor-widget-image\" data-id=\"c2b76a8\" data-element_type=\"widget\" data-e-type=\"widget\" data-widget_type=\"image.default\">\n\t\t\t\t\t\t\t\t\t\t\t\t<figure class=\"wp-caption\">\n\t\t\t\t\t\t\t\t\t\t\t<a href=\"https:\/\/alla-grande.com\/wp-content\/uploads\/2025\/10\/2015_NEW-YORK-SUBWAY-STRIPES_160x160cm.jpg\">\n\t\t\t\t\t\t\t<img loading=\"lazy\" decoding=\"async\" width=\"800\" height=\"780\" src=\"https:\/\/alla-grande.com\/wp-content\/uploads\/2025\/10\/2015_NEW-YORK-SUBWAY-STRIPES_160x160cm-1024x998.jpg\" class=\"attachment-large size-large wp-image-3131\" alt=\"\" srcset=\"https:\/\/alla-grande.com\/wp-content\/uploads\/2025\/10\/2015_NEW-YORK-SUBWAY-STRIPES_160x160cm-1024x998.jpg 1024w, https:\/\/alla-grande.com\/wp-content\/uploads\/2025\/10\/2015_NEW-YORK-SUBWAY-STRIPES_160x160cm-300x292.jpg 300w, https:\/\/alla-grande.com\/wp-content\/uploads\/2025\/10\/2015_NEW-YORK-SUBWAY-STRIPES_160x160cm-768x748.jpg 768w, https:\/\/alla-grande.com\/wp-content\/uploads\/2025\/10\/2015_NEW-YORK-SUBWAY-STRIPES_160x160cm-1536x1497.jpg 1536w, https:\/\/alla-grande.com\/wp-content\/uploads\/2025\/10\/2015_NEW-YORK-SUBWAY-STRIPES_160x160cm-2048x1996.jpg 2048w, https:\/\/alla-grande.com\/wp-content\/uploads\/2025\/10\/2015_NEW-YORK-SUBWAY-STRIPES_160x160cm-12x12.jpg 12w\" sizes=\"(max-width: 800px) 100vw, 800px\" \/>\t\t\t\t\t\t\t\t<\/a>\n\t\t\t\t\t\t\t\t\t\t\t<figcaption class=\"widget-image-caption wp-caption-text\">NEW YORK SUBWAY STRIPES<br \/>2015_household gloss on canvas_160x160cm<\/figcaption>\n\t\t\t\t\t\t\t\t\t\t<\/figure>\n\t\t\t\t\t\t\t\t\t<\/div>\n\t\t\t\t<div class=\"elementor-element elementor-element-706111c elementor-widget elementor-widget-image\" data-id=\"706111c\" data-element_type=\"widget\" data-e-type=\"widget\" data-widget_type=\"image.default\">\n\t\t\t\t\t\t\t\t\t\t\t\t<figure class=\"wp-caption\">\n\t\t\t\t\t\t\t\t\t\t\t<a href=\"https:\/\/alla-grande.com\/wp-content\/uploads\/2025\/10\/2015_RAINBOW-DIAMOND_80x80cm.jpg\">\n\t\t\t\t\t\t\t<img loading=\"lazy\" decoding=\"async\" width=\"800\" height=\"800\" src=\"https:\/\/alla-grande.com\/wp-content\/uploads\/2025\/10\/2015_RAINBOW-DIAMOND_80x80cm-1024x1024.jpg\" class=\"attachment-large size-large wp-image-3116\" alt=\"\" srcset=\"https:\/\/alla-grande.com\/wp-content\/uploads\/2025\/10\/2015_RAINBOW-DIAMOND_80x80cm-1024x1024.jpg 1024w, https:\/\/alla-grande.com\/wp-content\/uploads\/2025\/10\/2015_RAINBOW-DIAMOND_80x80cm-300x300.jpg 300w, https:\/\/alla-grande.com\/wp-content\/uploads\/2025\/10\/2015_RAINBOW-DIAMOND_80x80cm-150x150.jpg 150w, https:\/\/alla-grande.com\/wp-content\/uploads\/2025\/10\/2015_RAINBOW-DIAMOND_80x80cm-768x768.jpg 768w, https:\/\/alla-grande.com\/wp-content\/uploads\/2025\/10\/2015_RAINBOW-DIAMOND_80x80cm-12x12.jpg 12w, https:\/\/alla-grande.com\/wp-content\/uploads\/2025\/10\/2015_RAINBOW-DIAMOND_80x80cm.jpg 1200w\" sizes=\"(max-width: 800px) 100vw, 800px\" \/>\t\t\t\t\t\t\t\t<\/a>\n\t\t\t\t\t\t\t\t\t\t\t<figcaption class=\"widget-image-caption wp-caption-text\">RAINBOW DIAMOND<br \/>2015_household gloss on canvas_80x80cm<\/figcaption>\n\t\t\t\t\t\t\t\t\t\t<\/figure>\n\t\t\t\t\t\t\t\t\t<\/div>\n\t\t\t\t<div class=\"elementor-element elementor-element-bd673dc elementor-widget elementor-widget-image\" data-id=\"bd673dc\" data-element_type=\"widget\" data-e-type=\"widget\" data-widget_type=\"image.default\">\n\t\t\t\t\t\t\t\t\t\t\t\t<figure class=\"wp-caption\">\n\t\t\t\t\t\t\t\t\t\t\t<a href=\"https:\/\/alla-grande.com\/wp-content\/uploads\/2025\/10\/2014_QR-CODE_160x160cm.jpg\">\n\t\t\t\t\t\t\t<img loading=\"lazy\" decoding=\"async\" width=\"800\" height=\"800\" src=\"https:\/\/alla-grande.com\/wp-content\/uploads\/2025\/10\/2014_QR-CODE_160x160cm-1024x1024.jpg\" class=\"attachment-large size-large wp-image-3127\" alt=\"\" srcset=\"https:\/\/alla-grande.com\/wp-content\/uploads\/2025\/10\/2014_QR-CODE_160x160cm-1024x1024.jpg 1024w, https:\/\/alla-grande.com\/wp-content\/uploads\/2025\/10\/2014_QR-CODE_160x160cm-300x300.jpg 300w, https:\/\/alla-grande.com\/wp-content\/uploads\/2025\/10\/2014_QR-CODE_160x160cm-150x150.jpg 150w, https:\/\/alla-grande.com\/wp-content\/uploads\/2025\/10\/2014_QR-CODE_160x160cm-768x768.jpg 768w, https:\/\/alla-grande.com\/wp-content\/uploads\/2025\/10\/2014_QR-CODE_160x160cm-1536x1536.jpg 1536w, https:\/\/alla-grande.com\/wp-content\/uploads\/2025\/10\/2014_QR-CODE_160x160cm-12x12.jpg 12w, https:\/\/alla-grande.com\/wp-content\/uploads\/2025\/10\/2014_QR-CODE_160x160cm.jpg 2000w\" sizes=\"(max-width: 800px) 100vw, 800px\" \/>\t\t\t\t\t\t\t\t<\/a>\n\t\t\t\t\t\t\t\t\t\t\t<figcaption class=\"widget-image-caption wp-caption-text\">QR CODE<br \/>2015_household gloss on canvas_160x160cm<\/figcaption>\n\t\t\t\t\t\t\t\t\t\t<\/figure>\n\t\t\t\t\t\t\t\t\t<\/div>\n\t\t\t\t<div class=\"elementor-element elementor-element-a5b93cc elementor-widget elementor-widget-image\" data-id=\"a5b93cc\" data-element_type=\"widget\" data-e-type=\"widget\" data-widget_type=\"image.default\">\n\t\t\t\t\t\t\t\t\t\t\t\t<figure class=\"wp-caption\">\n\t\t\t\t\t\t\t\t\t\t\t<a href=\"https:\/\/alla-grande.com\/wp-content\/uploads\/2025\/10\/2016_ILLUSION-24_50x50cm.jpg\">\n\t\t\t\t\t\t\t<img loading=\"lazy\" decoding=\"async\" width=\"800\" height=\"800\" src=\"https:\/\/alla-grande.com\/wp-content\/uploads\/2025\/10\/2016_ILLUSION-24_50x50cm-1024x1024.jpg\" class=\"attachment-large size-large wp-image-3123\" alt=\"\" srcset=\"https:\/\/alla-grande.com\/wp-content\/uploads\/2025\/10\/2016_ILLUSION-24_50x50cm-1024x1024.jpg 1024w, https:\/\/alla-grande.com\/wp-content\/uploads\/2025\/10\/2016_ILLUSION-24_50x50cm-300x300.jpg 300w, https:\/\/alla-grande.com\/wp-content\/uploads\/2025\/10\/2016_ILLUSION-24_50x50cm-150x150.jpg 150w, https:\/\/alla-grande.com\/wp-content\/uploads\/2025\/10\/2016_ILLUSION-24_50x50cm-768x768.jpg 768w, https:\/\/alla-grande.com\/wp-content\/uploads\/2025\/10\/2016_ILLUSION-24_50x50cm-12x12.jpg 12w, https:\/\/alla-grande.com\/wp-content\/uploads\/2025\/10\/2016_ILLUSION-24_50x50cm.jpg 1200w\" sizes=\"(max-width: 800px) 100vw, 800px\" \/>\t\t\t\t\t\t\t\t<\/a>\n\t\t\t\t\t\t\t\t\t\t\t<figcaption class=\"widget-image-caption wp-caption-text\">ILLUSION 24<br \/>2016_household gloss on canvas_50x50cm<\/figcaption>\n\t\t\t\t\t\t\t\t\t\t<\/figure>\n\t\t\t\t\t\t\t\t\t<\/div>\n\t\t\t\t<div class=\"elementor-element elementor-element-0b93050 elementor-widget elementor-widget-image\" data-id=\"0b93050\" data-element_type=\"widget\" data-e-type=\"widget\" data-widget_type=\"image.default\">\n\t\t\t\t\t\t\t\t\t\t\t\t<figure class=\"wp-caption\">\n\t\t\t\t\t\t\t\t\t\t\t<a href=\"https:\/\/alla-grande.com\/wp-content\/uploads\/2025\/10\/Illusion-22_2016_50x50cm.jpg\">\n\t\t\t\t\t\t\t<img loading=\"lazy\" decoding=\"async\" width=\"800\" height=\"800\" src=\"https:\/\/alla-grande.com\/wp-content\/uploads\/2025\/10\/Illusion-22_2016_50x50cm-1024x1024.jpg\" class=\"attachment-large size-large wp-image-2641\" alt=\"\" srcset=\"https:\/\/alla-grande.com\/wp-content\/uploads\/2025\/10\/Illusion-22_2016_50x50cm-1024x1024.jpg 1024w, https:\/\/alla-grande.com\/wp-content\/uploads\/2025\/10\/Illusion-22_2016_50x50cm-300x300.jpg 300w, https:\/\/alla-grande.com\/wp-content\/uploads\/2025\/10\/Illusion-22_2016_50x50cm-150x150.jpg 150w, https:\/\/alla-grande.com\/wp-content\/uploads\/2025\/10\/Illusion-22_2016_50x50cm-768x768.jpg 768w, https:\/\/alla-grande.com\/wp-content\/uploads\/2025\/10\/Illusion-22_2016_50x50cm-12x12.jpg 12w, https:\/\/alla-grande.com\/wp-content\/uploads\/2025\/10\/Illusion-22_2016_50x50cm.jpg 1200w\" sizes=\"(max-width: 800px) 100vw, 800px\" \/>\t\t\t\t\t\t\t\t<\/a>\n\t\t\t\t\t\t\t\t\t\t\t<figcaption class=\"widget-image-caption wp-caption-text\">ILLUSION 22<br \/>2016_household gloss on canvas_50x50cm<\/figcaption>\n\t\t\t\t\t\t\t\t\t\t<\/figure>\n\t\t\t\t\t\t\t\t\t<\/div>\n\t\t\t\t<div class=\"elementor-element elementor-element-866da89 elementor-widget elementor-widget-image\" data-id=\"866da89\" data-element_type=\"widget\" data-e-type=\"widget\" data-widget_type=\"image.default\">\n\t\t\t\t\t\t\t\t\t\t\t\t<figure class=\"wp-caption\">\n\t\t\t\t\t\t\t\t\t\t\t<a href=\"https:\/\/alla-grande.com\/wp-content\/uploads\/2025\/10\/2016_ILLUSION-21_50x50cm.jpg\">\n\t\t\t\t\t\t\t<img loading=\"lazy\" decoding=\"async\" width=\"800\" height=\"800\" src=\"https:\/\/alla-grande.com\/wp-content\/uploads\/2025\/10\/2016_ILLUSION-21_50x50cm-1024x1024.jpg\" class=\"attachment-large size-large wp-image-3120\" alt=\"\" srcset=\"https:\/\/alla-grande.com\/wp-content\/uploads\/2025\/10\/2016_ILLUSION-21_50x50cm-1024x1024.jpg 1024w, https:\/\/alla-grande.com\/wp-content\/uploads\/2025\/10\/2016_ILLUSION-21_50x50cm-300x300.jpg 300w, https:\/\/alla-grande.com\/wp-content\/uploads\/2025\/10\/2016_ILLUSION-21_50x50cm-150x150.jpg 150w, https:\/\/alla-grande.com\/wp-content\/uploads\/2025\/10\/2016_ILLUSION-21_50x50cm-768x768.jpg 768w, https:\/\/alla-grande.com\/wp-content\/uploads\/2025\/10\/2016_ILLUSION-21_50x50cm-12x12.jpg 12w, https:\/\/alla-grande.com\/wp-content\/uploads\/2025\/10\/2016_ILLUSION-21_50x50cm.jpg 1500w\" sizes=\"(max-width: 800px) 100vw, 800px\" \/>\t\t\t\t\t\t\t\t<\/a>\n\t\t\t\t\t\t\t\t\t\t\t<figcaption class=\"widget-image-caption wp-caption-text\">ILLUSION 21<br \/>2016_household gloss on canvas_50x50cm<\/figcaption>\n\t\t\t\t\t\t\t\t\t\t<\/figure>\n\t\t\t\t\t\t\t\t\t<\/div>\n\t\t\t\t<div class=\"elementor-element elementor-element-5b7ff6a elementor-widget elementor-widget-image\" data-id=\"5b7ff6a\" data-element_type=\"widget\" data-e-type=\"widget\" data-widget_type=\"image.default\">\n\t\t\t\t\t\t\t\t\t\t\t\t<figure class=\"wp-caption\">\n\t\t\t\t\t\t\t\t\t\t\t<a href=\"https:\/\/alla-grande.com\/wp-content\/uploads\/2025\/10\/2016_ILLUSION-23_50x50cm_.jpg\">\n\t\t\t\t\t\t\t<img loading=\"lazy\" decoding=\"async\" width=\"800\" height=\"800\" src=\"https:\/\/alla-grande.com\/wp-content\/uploads\/2025\/10\/2016_ILLUSION-23_50x50cm_-1024x1024.jpg\" class=\"attachment-large size-large wp-image-3121\" alt=\"\" srcset=\"https:\/\/alla-grande.com\/wp-content\/uploads\/2025\/10\/2016_ILLUSION-23_50x50cm_-1024x1024.jpg 1024w, https:\/\/alla-grande.com\/wp-content\/uploads\/2025\/10\/2016_ILLUSION-23_50x50cm_-300x300.jpg 300w, https:\/\/alla-grande.com\/wp-content\/uploads\/2025\/10\/2016_ILLUSION-23_50x50cm_-150x150.jpg 150w, https:\/\/alla-grande.com\/wp-content\/uploads\/2025\/10\/2016_ILLUSION-23_50x50cm_-768x768.jpg 768w, https:\/\/alla-grande.com\/wp-content\/uploads\/2025\/10\/2016_ILLUSION-23_50x50cm_-12x12.jpg 12w, https:\/\/alla-grande.com\/wp-content\/uploads\/2025\/10\/2016_ILLUSION-23_50x50cm_.jpg 1200w\" sizes=\"(max-width: 800px) 100vw, 800px\" \/>\t\t\t\t\t\t\t\t<\/a>\n\t\t\t\t\t\t\t\t\t\t\t<figcaption class=\"widget-image-caption wp-caption-text\">ILLUSION 23<br \/>2016_household gloss on canvas_50x50cm<\/figcaption>\n\t\t\t\t\t\t\t\t\t\t<\/figure>\n\t\t\t\t\t\t\t\t\t<\/div>\n\t\t\t\t<div class=\"elementor-element elementor-element-8ac3352 elementor-widget elementor-widget-image\" data-id=\"8ac3352\" data-element_type=\"widget\" data-e-type=\"widget\" data-widget_type=\"image.default\">\n\t\t\t\t\t\t\t\t\t\t\t\t<figure class=\"wp-caption\">\n\t\t\t\t\t\t\t\t\t\t\t<a href=\"https:\/\/alla-grande.com\/wp-content\/uploads\/2025\/10\/ILLUSION-25_2016_50x50cm.jpg\">\n\t\t\t\t\t\t\t<img loading=\"lazy\" decoding=\"async\" width=\"800\" height=\"800\" src=\"https:\/\/alla-grande.com\/wp-content\/uploads\/2025\/10\/ILLUSION-25_2016_50x50cm-1024x1024.jpg\" class=\"attachment-large size-large wp-image-2655\" alt=\"\" srcset=\"https:\/\/alla-grande.com\/wp-content\/uploads\/2025\/10\/ILLUSION-25_2016_50x50cm-1024x1024.jpg 1024w, https:\/\/alla-grande.com\/wp-content\/uploads\/2025\/10\/ILLUSION-25_2016_50x50cm-300x300.jpg 300w, https:\/\/alla-grande.com\/wp-content\/uploads\/2025\/10\/ILLUSION-25_2016_50x50cm-150x150.jpg 150w, https:\/\/alla-grande.com\/wp-content\/uploads\/2025\/10\/ILLUSION-25_2016_50x50cm-768x768.jpg 768w, https:\/\/alla-grande.com\/wp-content\/uploads\/2025\/10\/ILLUSION-25_2016_50x50cm-12x12.jpg 12w, https:\/\/alla-grande.com\/wp-content\/uploads\/2025\/10\/ILLUSION-25_2016_50x50cm.jpg 1200w\" sizes=\"(max-width: 800px) 100vw, 800px\" \/>\t\t\t\t\t\t\t\t<\/a>\n\t\t\t\t\t\t\t\t\t\t\t<figcaption class=\"widget-image-caption wp-caption-text\">ILLUSION 25<br \/>2016_household gloss on canvas_50x50cm<\/figcaption>\n\t\t\t\t\t\t\t\t\t\t<\/figure>\n\t\t\t\t\t\t\t\t\t<\/div>\n\t\t\t\t\t<\/div>\n\t\t\t\t<\/div>\n\t\t\t\t<\/div>\n\t\t","protected":false},"excerpt":{"rendered":"<p>Abstrakte Kunst &#8211; Farbe, Struktur und Bewegung im Dialog In meinen abstrakten Arbeiten werden Farbe, Struktur und Bewegung zu einer stillen Sprache. Visuelle Kompositionen &#8211; zwischen Energie und Ruhe Oft entstehen meine Ideen lange, bevor ich sie umsetze &#8211; manchmal als vages Bild im Kopf, manchmal ausgel\u00f6st durch einen Moment im Alltag. Ein Film, ein [&hellip;]<\/p>\n","protected":false},"author":2,"featured_media":0,"parent":0,"menu_order":0,"comment_status":"closed","ping_status":"closed","template":"","meta":{"footnotes":""},"class_list":["post-966","page","type-page","status-publish","hentry"],"_links":{"self":[{"href":"https:\/\/alla-grande.com\/en\/wp-json\/wp\/v2\/pages\/966","targetHints":{"allow":["GET"]}}],"collection":[{"href":"https:\/\/alla-grande.com\/en\/wp-json\/wp\/v2\/pages"}],"about":[{"href":"https:\/\/alla-grande.com\/en\/wp-json\/wp\/v2\/types\/page"}],"author":[{"embeddable":true,"href":"https:\/\/alla-grande.com\/en\/wp-json\/wp\/v2\/users\/2"}],"replies":[{"embeddable":true,"href":"https:\/\/alla-grande.com\/en\/wp-json\/wp\/v2\/comments?post=966"}],"version-history":[{"count":11,"href":"https:\/\/alla-grande.com\/en\/wp-json\/wp\/v2\/pages\/966\/revisions"}],"predecessor-version":[{"id":6559,"href":"https:\/\/alla-grande.com\/en\/wp-json\/wp\/v2\/pages\/966\/revisions\/6559"}],"wp:attachment":[{"href":"https:\/\/alla-grande.com\/en\/wp-json\/wp\/v2\/media?parent=966"}],"curies":[{"name":"wp","href":"https:\/\/api.w.org\/{rel}","templated":true}]}}