{"id":931,"date":"2025-10-14T10:38:58","date_gmt":"2025-10-14T10:38:58","guid":{"rendered":"https:\/\/alla-grande.com\/?page_id=931"},"modified":"2026-04-09T19:10:14","modified_gmt":"2026-04-09T17:10:14","slug":"acoustic-art","status":"publish","type":"page","link":"https:\/\/alla-grande.com\/en\/acoustic-art\/","title":{"rendered":"Acoustic Art"},"content":{"rendered":"\t\t<div data-elementor-type=\"wp-page\" data-elementor-id=\"931\" class=\"elementor elementor-931\" data-elementor-post-type=\"page\">\n\t\t\t\t<div class=\"elementor-element elementor-element-e588623 e-con-full e-flex e-con e-parent\" data-id=\"e588623\" data-element_type=\"container\" data-e-type=\"container\" data-settings=\"{&quot;background_background&quot;:&quot;classic&quot;,&quot;motion_fx_motion_fx_scrolling&quot;:&quot;yes&quot;,&quot;motion_fx_devices&quot;:[&quot;desktop&quot;,&quot;tablet&quot;,&quot;mobile&quot;]}\">\n\t\t\t\t<div class=\"elementor-element elementor-element-67c1857 elementor-widget elementor-widget-heading\" data-id=\"67c1857\" data-element_type=\"widget\" data-e-type=\"widget\" data-widget_type=\"heading.default\">\n\t\t\t\t\t<h1 class=\"elementor-heading-title elementor-size-default\">Acoustic Art - textile Kunst mit akustischer Wirkung<\/h1>\t\t\t\t<\/div>\n\t\t\t\t<div class=\"elementor-element elementor-element-25192ae elementor-widget elementor-widget-text-editor\" data-id=\"25192ae\" data-element_type=\"widget\" data-e-type=\"widget\" data-widget_type=\"text-editor.default\">\n\t\t\t\t\t\t\t\t\t<p>Vision\u00e4re Kunstwerke, die Stille und \u00c4sthetik in Einklang bringen.<\/p>\t\t\t\t\t\t\t\t<\/div>\n\t\t\t\t<\/div>\n\t\t<div class=\"elementor-element elementor-element-bb67422 e-flex e-con-boxed e-con e-parent\" data-id=\"bb67422\" data-element_type=\"container\" data-e-type=\"container\">\n\t\t\t\t\t<div class=\"e-con-inner\">\n\t\t<div class=\"elementor-element elementor-element-e82097b e-con-full e-flex e-con e-child\" data-id=\"e82097b\" data-element_type=\"container\" data-e-type=\"container\">\n\t\t\t\t<div class=\"elementor-element elementor-element-23bbdb7 elementor-widget elementor-widget-heading\" data-id=\"23bbdb7\" data-element_type=\"widget\" data-e-type=\"widget\" data-widget_type=\"heading.default\">\n\t\t\t\t\t<h2 class=\"elementor-heading-title elementor-size-default\">Textile Resonanz - aus Funktion wird Emotion<\/h2>\t\t\t\t<\/div>\n\t\t\t\t<div class=\"elementor-element elementor-element-ef5cca4 elementor-widget elementor-widget-text-editor\" data-id=\"ef5cca4\" data-element_type=\"widget\" data-e-type=\"widget\" data-widget_type=\"text-editor.default\">\n\t\t\t\t\t\t\t\t\t<p class=\"p1\"><span class=\"s1\">Diese Serie untersucht das Zusammenspiel von Funktion und emotionaler Wahrnehmung im Raum. Die Arbeiten l\u00f6sen sich von rein akustischer Zweckgebundenheit und machen erfahrbar, wie textile Strukturen \u00fcber ihre Materialit\u00e4t hinaus r\u00e4umliche Resonanz erzeugen. Die Oberfl\u00e4chen wirken als offene Schnittstellen zwischen Objekt und Architektur &#8211; sie modulieren Wahrnehmung, b\u00fcndeln Aufmerksamkeit und schaffen Zonen verdichteter Pr\u00e4senz. In ihrer stillen, skulpturalen Setzung verwandeln sie den Raum in ein Feld, in dem Spannung, Absorption und Wahrnehmung sichtbar miteinander in Beziehung treten.<\/span><\/p>\t\t\t\t\t\t\t\t<\/div>\n\t\t\t\t<\/div>\n\t\t\t\t\t<\/div>\n\t\t\t\t<\/div>\n\t\t<div class=\"elementor-element elementor-element-72c9204 e-grid e-con-boxed e-con e-parent\" data-id=\"72c9204\" data-element_type=\"container\" data-e-type=\"container\" data-settings=\"{&quot;background_background&quot;:&quot;classic&quot;}\">\n\t\t\t\t\t<div class=\"e-con-inner\">\n\t\t\t\t<div class=\"elementor-element elementor-element-c4c8253 elementor-widget elementor-widget-image\" data-id=\"c4c8253\" data-element_type=\"widget\" data-e-type=\"widget\" data-widget_type=\"image.default\">\n\t\t\t\t\t\t\t\t\t\t\t\t<figure class=\"wp-caption\">\n\t\t\t\t\t\t\t\t\t\t\t<a href=\"https:\/\/alla-grande.com\/wp-content\/uploads\/2026\/02\/ORANGE-WAVE__100x100cm.jpg\">\n\t\t\t\t\t\t\t<img fetchpriority=\"high\" decoding=\"async\" width=\"1200\" height=\"1200\" src=\"https:\/\/alla-grande.com\/wp-content\/uploads\/2026\/02\/ORANGE-WAVE__100x100cm.jpg\" class=\"attachment-full size-full wp-image-6674\" alt=\"\" srcset=\"https:\/\/alla-grande.com\/wp-content\/uploads\/2026\/02\/ORANGE-WAVE__100x100cm.jpg 1200w, https:\/\/alla-grande.com\/wp-content\/uploads\/2026\/02\/ORANGE-WAVE__100x100cm-300x300.jpg 300w, https:\/\/alla-grande.com\/wp-content\/uploads\/2026\/02\/ORANGE-WAVE__100x100cm-1024x1024.jpg 1024w, https:\/\/alla-grande.com\/wp-content\/uploads\/2026\/02\/ORANGE-WAVE__100x100cm-150x150.jpg 150w, https:\/\/alla-grande.com\/wp-content\/uploads\/2026\/02\/ORANGE-WAVE__100x100cm-768x768.jpg 768w, https:\/\/alla-grande.com\/wp-content\/uploads\/2026\/02\/ORANGE-WAVE__100x100cm-12x12.jpg 12w\" sizes=\"(max-width: 1200px) 100vw, 1200px\" \/>\t\t\t\t\t\t\t\t<\/a>\n\t\t\t\t\t\t\t\t\t\t\t<figcaption class=\"widget-image-caption wp-caption-text\">ORANGE WAVE_sold<br \/>2017_Filzwerkstoff Lanisor<br \/>Wasserstrahlschnitt_100x100cm<\/figcaption>\n\t\t\t\t\t\t\t\t\t\t<\/figure>\n\t\t\t\t\t\t\t\t\t<\/div>\n\t\t\t\t<div class=\"elementor-element elementor-element-979a3e3 elementor-widget elementor-widget-image\" data-id=\"979a3e3\" data-element_type=\"widget\" data-e-type=\"widget\" data-widget_type=\"image.default\">\n\t\t\t\t\t\t\t\t\t\t\t\t<figure class=\"wp-caption\">\n\t\t\t\t\t\t\t\t\t\t\t<a href=\"https:\/\/alla-grande.com\/wp-content\/uploads\/2026\/02\/WARHOL-FLOWERS_79x79cm.jpg\">\n\t\t\t\t\t\t\t<img decoding=\"async\" width=\"1200\" height=\"1200\" src=\"https:\/\/alla-grande.com\/wp-content\/uploads\/2026\/02\/WARHOL-FLOWERS_79x79cm.jpg\" class=\"attachment-full size-full wp-image-6657\" alt=\"\" srcset=\"https:\/\/alla-grande.com\/wp-content\/uploads\/2026\/02\/WARHOL-FLOWERS_79x79cm.jpg 1200w, https:\/\/alla-grande.com\/wp-content\/uploads\/2026\/02\/WARHOL-FLOWERS_79x79cm-300x300.jpg 300w, https:\/\/alla-grande.com\/wp-content\/uploads\/2026\/02\/WARHOL-FLOWERS_79x79cm-1024x1024.jpg 1024w, https:\/\/alla-grande.com\/wp-content\/uploads\/2026\/02\/WARHOL-FLOWERS_79x79cm-150x150.jpg 150w, https:\/\/alla-grande.com\/wp-content\/uploads\/2026\/02\/WARHOL-FLOWERS_79x79cm-768x768.jpg 768w, https:\/\/alla-grande.com\/wp-content\/uploads\/2026\/02\/WARHOL-FLOWERS_79x79cm-12x12.jpg 12w\" sizes=\"(max-width: 1200px) 100vw, 1200px\" \/>\t\t\t\t\t\t\t\t<\/a>\n\t\t\t\t\t\t\t\t\t\t\t<figcaption class=\"widget-image-caption wp-caption-text\">WARHOL FLOWERS_sold<br \/>2017_Filzwerkstoff Lanisor<br \/>handgeschnitten_79x79cm <\/figcaption>\n\t\t\t\t\t\t\t\t\t\t<\/figure>\n\t\t\t\t\t\t\t\t\t<\/div>\n\t\t\t\t<div class=\"elementor-element elementor-element-4471f1e elementor-widget elementor-widget-image\" data-id=\"4471f1e\" data-element_type=\"widget\" data-e-type=\"widget\" data-widget_type=\"image.default\">\n\t\t\t\t\t\t\t\t\t\t\t\t<figure class=\"wp-caption\">\n\t\t\t\t\t\t\t\t\t\t\t<a href=\"https:\/\/alla-grande.com\/wp-content\/uploads\/2025\/10\/2017_ILLUSION-28_79x79cm_Filzwerkstoff-Lanisor.jpg\">\n\t\t\t\t\t\t\t<img decoding=\"async\" width=\"1200\" height=\"1200\" src=\"https:\/\/alla-grande.com\/wp-content\/uploads\/2025\/10\/2017_ILLUSION-28_79x79cm_Filzwerkstoff-Lanisor.jpg\" class=\"attachment-full size-full wp-image-1020\" alt=\"\" srcset=\"https:\/\/alla-grande.com\/wp-content\/uploads\/2025\/10\/2017_ILLUSION-28_79x79cm_Filzwerkstoff-Lanisor.jpg 1200w, https:\/\/alla-grande.com\/wp-content\/uploads\/2025\/10\/2017_ILLUSION-28_79x79cm_Filzwerkstoff-Lanisor-300x300.jpg 300w, https:\/\/alla-grande.com\/wp-content\/uploads\/2025\/10\/2017_ILLUSION-28_79x79cm_Filzwerkstoff-Lanisor-1024x1024.jpg 1024w, https:\/\/alla-grande.com\/wp-content\/uploads\/2025\/10\/2017_ILLUSION-28_79x79cm_Filzwerkstoff-Lanisor-150x150.jpg 150w, https:\/\/alla-grande.com\/wp-content\/uploads\/2025\/10\/2017_ILLUSION-28_79x79cm_Filzwerkstoff-Lanisor-768x768.jpg 768w, https:\/\/alla-grande.com\/wp-content\/uploads\/2025\/10\/2017_ILLUSION-28_79x79cm_Filzwerkstoff-Lanisor-12x12.jpg 12w\" sizes=\"(max-width: 1200px) 100vw, 1200px\" \/>\t\t\t\t\t\t\t\t<\/a>\n\t\t\t\t\t\t\t\t\t\t\t<figcaption class=\"widget-image-caption wp-caption-text\">ILLUSION 28_sold <br \/>2017_Filzwerkstoff Lanisor<br \/>handgeschnitten_79x79cm <\/figcaption>\n\t\t\t\t\t\t\t\t\t\t<\/figure>\n\t\t\t\t\t\t\t\t\t<\/div>\n\t\t\t\t<div class=\"elementor-element elementor-element-4d2f5ac elementor-widget elementor-widget-image\" data-id=\"4d2f5ac\" data-element_type=\"widget\" data-e-type=\"widget\" data-widget_type=\"image.default\">\n\t\t\t\t\t\t\t\t\t\t\t\t<figure class=\"wp-caption\">\n\t\t\t\t\t\t\t\t\t\t\t<a href=\"https:\/\/alla-grande.com\/wp-content\/uploads\/2026\/02\/CUBE_triptych_46x40cm.jpg\">\n\t\t\t\t\t\t\t<img loading=\"lazy\" decoding=\"async\" width=\"1200\" height=\"1200\" src=\"https:\/\/alla-grande.com\/wp-content\/uploads\/2026\/02\/CUBE_triptych_46x40cm.jpg\" class=\"attachment-full size-full wp-image-6678\" alt=\"\" srcset=\"https:\/\/alla-grande.com\/wp-content\/uploads\/2026\/02\/CUBE_triptych_46x40cm.jpg 1200w, https:\/\/alla-grande.com\/wp-content\/uploads\/2026\/02\/CUBE_triptych_46x40cm-300x300.jpg 300w, https:\/\/alla-grande.com\/wp-content\/uploads\/2026\/02\/CUBE_triptych_46x40cm-1024x1024.jpg 1024w, https:\/\/alla-grande.com\/wp-content\/uploads\/2026\/02\/CUBE_triptych_46x40cm-150x150.jpg 150w, https:\/\/alla-grande.com\/wp-content\/uploads\/2026\/02\/CUBE_triptych_46x40cm-768x768.jpg 768w, https:\/\/alla-grande.com\/wp-content\/uploads\/2026\/02\/CUBE_triptych_46x40cm-12x12.jpg 12w\" sizes=\"(max-width: 1200px) 100vw, 1200px\" \/>\t\t\t\t\t\t\t\t<\/a>\n\t\t\t\t\t\t\t\t\t\t\t<figcaption class=\"widget-image-caption wp-caption-text\">CUBE_triptych<br \/>2017_Filzwerkstoff Lanisor<br \/>handgeschnitten_46x40cm<\/figcaption>\n\t\t\t\t\t\t\t\t\t\t<\/figure>\n\t\t\t\t\t\t\t\t\t<\/div>\n\t\t\t\t<div class=\"elementor-element elementor-element-387de11 elementor-widget elementor-widget-image\" data-id=\"387de11\" data-element_type=\"widget\" data-e-type=\"widget\" data-widget_type=\"image.default\">\n\t\t\t\t\t\t\t\t\t\t\t\t<figure class=\"wp-caption\">\n\t\t\t\t\t\t\t\t\t\t\t<a href=\"https:\/\/alla-grande.com\/wp-content\/uploads\/2025\/10\/2016_ILLUSION-20_79x79cm.jpg\">\n\t\t\t\t\t\t\t<img loading=\"lazy\" decoding=\"async\" width=\"800\" height=\"800\" src=\"https:\/\/alla-grande.com\/wp-content\/uploads\/2025\/10\/2016_ILLUSION-20_79x79cm-1024x1024.jpg\" class=\"attachment-large size-large wp-image-1021\" alt=\"\" srcset=\"https:\/\/alla-grande.com\/wp-content\/uploads\/2025\/10\/2016_ILLUSION-20_79x79cm-1024x1024.jpg 1024w, https:\/\/alla-grande.com\/wp-content\/uploads\/2025\/10\/2016_ILLUSION-20_79x79cm-300x300.jpg 300w, https:\/\/alla-grande.com\/wp-content\/uploads\/2025\/10\/2016_ILLUSION-20_79x79cm-150x150.jpg 150w, https:\/\/alla-grande.com\/wp-content\/uploads\/2025\/10\/2016_ILLUSION-20_79x79cm-768x768.jpg 768w, https:\/\/alla-grande.com\/wp-content\/uploads\/2025\/10\/2016_ILLUSION-20_79x79cm-12x12.jpg 12w, https:\/\/alla-grande.com\/wp-content\/uploads\/2025\/10\/2016_ILLUSION-20_79x79cm.jpg 1400w\" sizes=\"(max-width: 800px) 100vw, 800px\" \/>\t\t\t\t\t\t\t\t<\/a>\n\t\t\t\t\t\t\t\t\t\t\t<figcaption class=\"widget-image-caption wp-caption-text\">ILLUSION 20 <br \/>2016_Filzwerkstoff Lanisor<br \/>handgeschnitten_79x79cm<\/figcaption>\n\t\t\t\t\t\t\t\t\t\t<\/figure>\n\t\t\t\t\t\t\t\t\t<\/div>\n\t\t\t\t<div class=\"elementor-element elementor-element-35ae59e elementor-widget elementor-widget-image\" data-id=\"35ae59e\" data-element_type=\"widget\" data-e-type=\"widget\" data-widget_type=\"image.default\">\n\t\t\t\t\t\t\t\t\t\t\t\t<figure class=\"wp-caption\">\n\t\t\t\t\t\t\t\t\t\t\t<a href=\"https:\/\/alla-grande.com\/wp-content\/uploads\/2025\/10\/2016_ILLUSION-27_79x79cm.jpg\">\n\t\t\t\t\t\t\t<img loading=\"lazy\" decoding=\"async\" width=\"800\" height=\"800\" src=\"https:\/\/alla-grande.com\/wp-content\/uploads\/2025\/10\/2016_ILLUSION-27_79x79cm-1024x1024.jpg\" class=\"attachment-large size-large wp-image-1025\" alt=\"\" srcset=\"https:\/\/alla-grande.com\/wp-content\/uploads\/2025\/10\/2016_ILLUSION-27_79x79cm-1024x1024.jpg 1024w, https:\/\/alla-grande.com\/wp-content\/uploads\/2025\/10\/2016_ILLUSION-27_79x79cm-300x300.jpg 300w, https:\/\/alla-grande.com\/wp-content\/uploads\/2025\/10\/2016_ILLUSION-27_79x79cm-150x150.jpg 150w, https:\/\/alla-grande.com\/wp-content\/uploads\/2025\/10\/2016_ILLUSION-27_79x79cm-768x768.jpg 768w, https:\/\/alla-grande.com\/wp-content\/uploads\/2025\/10\/2016_ILLUSION-27_79x79cm-12x12.jpg 12w, https:\/\/alla-grande.com\/wp-content\/uploads\/2025\/10\/2016_ILLUSION-27_79x79cm.jpg 1300w\" sizes=\"(max-width: 800px) 100vw, 800px\" \/>\t\t\t\t\t\t\t\t<\/a>\n\t\t\t\t\t\t\t\t\t\t\t<figcaption class=\"widget-image-caption wp-caption-text\">ILLUSION 27<br \/>2016_Filzwerkstoff Lanisor<br \/>handgeschnitten_79x79cm<\/figcaption>\n\t\t\t\t\t\t\t\t\t\t<\/figure>\n\t\t\t\t\t\t\t\t\t<\/div>\n\t\t\t\t<div class=\"elementor-element elementor-element-9503d2a elementor-widget elementor-widget-image\" data-id=\"9503d2a\" data-element_type=\"widget\" data-e-type=\"widget\" data-widget_type=\"image.default\">\n\t\t\t\t\t\t\t\t\t\t\t\t<figure class=\"wp-caption\">\n\t\t\t\t\t\t\t\t\t\t\t<a href=\"https:\/\/alla-grande.com\/wp-content\/uploads\/2026\/02\/2016_CUBE_40x46.jpg\">\n\t\t\t\t\t\t\t<img loading=\"lazy\" decoding=\"async\" width=\"800\" height=\"800\" src=\"https:\/\/alla-grande.com\/wp-content\/uploads\/2026\/02\/2016_CUBE_40x46-1024x1024.jpg\" class=\"attachment-large size-large wp-image-6618\" alt=\"\" srcset=\"https:\/\/alla-grande.com\/wp-content\/uploads\/2026\/02\/2016_CUBE_40x46-1024x1024.jpg 1024w, https:\/\/alla-grande.com\/wp-content\/uploads\/2026\/02\/2016_CUBE_40x46-300x300.jpg 300w, https:\/\/alla-grande.com\/wp-content\/uploads\/2026\/02\/2016_CUBE_40x46-150x150.jpg 150w, https:\/\/alla-grande.com\/wp-content\/uploads\/2026\/02\/2016_CUBE_40x46-768x768.jpg 768w, https:\/\/alla-grande.com\/wp-content\/uploads\/2026\/02\/2016_CUBE_40x46-1536x1536.jpg 1536w, https:\/\/alla-grande.com\/wp-content\/uploads\/2026\/02\/2016_CUBE_40x46-12x12.jpg 12w, https:\/\/alla-grande.com\/wp-content\/uploads\/2026\/02\/2016_CUBE_40x46.jpg 1800w\" sizes=\"(max-width: 800px) 100vw, 800px\" \/>\t\t\t\t\t\t\t\t<\/a>\n\t\t\t\t\t\t\t\t\t\t\t<figcaption class=\"widget-image-caption wp-caption-text\">CUBE <br \/>2017_Filzwerkstoff Lanisor<br \/>handgeschnitten_40x46cm<\/figcaption>\n\t\t\t\t\t\t\t\t\t\t<\/figure>\n\t\t\t\t\t\t\t\t\t<\/div>\n\t\t\t\t<div class=\"elementor-element elementor-element-0ea5087 elementor-widget elementor-widget-image\" data-id=\"0ea5087\" data-element_type=\"widget\" data-e-type=\"widget\" data-widget_type=\"image.default\">\n\t\t\t\t\t\t\t\t\t\t\t\t<figure class=\"wp-caption\">\n\t\t\t\t\t\t\t\t\t\t\t<a href=\"https:\/\/alla-grande.com\/wp-content\/uploads\/2026\/02\/2017_GOLDEN-BUTTERFLY_86x110cm.jpg\">\n\t\t\t\t\t\t\t<img loading=\"lazy\" decoding=\"async\" width=\"800\" height=\"800\" src=\"https:\/\/alla-grande.com\/wp-content\/uploads\/2026\/02\/2017_GOLDEN-BUTTERFLY_86x110cm-1024x1024.jpg\" class=\"attachment-large size-large wp-image-6692\" alt=\"\" srcset=\"https:\/\/alla-grande.com\/wp-content\/uploads\/2026\/02\/2017_GOLDEN-BUTTERFLY_86x110cm-1024x1024.jpg 1024w, https:\/\/alla-grande.com\/wp-content\/uploads\/2026\/02\/2017_GOLDEN-BUTTERFLY_86x110cm-300x300.jpg 300w, https:\/\/alla-grande.com\/wp-content\/uploads\/2026\/02\/2017_GOLDEN-BUTTERFLY_86x110cm-150x150.jpg 150w, https:\/\/alla-grande.com\/wp-content\/uploads\/2026\/02\/2017_GOLDEN-BUTTERFLY_86x110cm-768x768.jpg 768w, https:\/\/alla-grande.com\/wp-content\/uploads\/2026\/02\/2017_GOLDEN-BUTTERFLY_86x110cm-1536x1536.jpg 1536w, https:\/\/alla-grande.com\/wp-content\/uploads\/2026\/02\/2017_GOLDEN-BUTTERFLY_86x110cm-12x12.jpg 12w, https:\/\/alla-grande.com\/wp-content\/uploads\/2026\/02\/2017_GOLDEN-BUTTERFLY_86x110cm.jpg 1900w\" sizes=\"(max-width: 800px) 100vw, 800px\" \/>\t\t\t\t\t\t\t\t<\/a>\n\t\t\t\t\t\t\t\t\t\t\t<figcaption class=\"widget-image-caption wp-caption-text\">GOLDEN BUTTERFLY <br \/>2017_Filzwerkstoff Lanisor<br \/>handgeschnitten_86x110cm<\/figcaption>\n\t\t\t\t\t\t\t\t\t\t<\/figure>\n\t\t\t\t\t\t\t\t\t<\/div>\n\t\t\t\t<div class=\"elementor-element elementor-element-67d552a elementor-widget elementor-widget-image\" data-id=\"67d552a\" data-element_type=\"widget\" data-e-type=\"widget\" data-widget_type=\"image.default\">\n\t\t\t\t\t\t\t\t\t\t\t\t<figure class=\"wp-caption\">\n\t\t\t\t\t\t\t\t\t\t\t<a href=\"https:\/\/alla-grande.com\/wp-content\/uploads\/2026\/02\/2017_LOVE-BANANA_108x79cm.jpg\">\n\t\t\t\t\t\t\t<img loading=\"lazy\" decoding=\"async\" width=\"800\" height=\"800\" src=\"https:\/\/alla-grande.com\/wp-content\/uploads\/2026\/02\/2017_LOVE-BANANA_108x79cm-1024x1024.jpg\" class=\"attachment-large size-large wp-image-6626\" alt=\"\" srcset=\"https:\/\/alla-grande.com\/wp-content\/uploads\/2026\/02\/2017_LOVE-BANANA_108x79cm-1024x1024.jpg 1024w, https:\/\/alla-grande.com\/wp-content\/uploads\/2026\/02\/2017_LOVE-BANANA_108x79cm-300x300.jpg 300w, https:\/\/alla-grande.com\/wp-content\/uploads\/2026\/02\/2017_LOVE-BANANA_108x79cm-150x150.jpg 150w, https:\/\/alla-grande.com\/wp-content\/uploads\/2026\/02\/2017_LOVE-BANANA_108x79cm-768x768.jpg 768w, https:\/\/alla-grande.com\/wp-content\/uploads\/2026\/02\/2017_LOVE-BANANA_108x79cm-1536x1536.jpg 1536w, https:\/\/alla-grande.com\/wp-content\/uploads\/2026\/02\/2017_LOVE-BANANA_108x79cm-2048x2048.jpg 2048w, https:\/\/alla-grande.com\/wp-content\/uploads\/2026\/02\/2017_LOVE-BANANA_108x79cm-12x12.jpg 12w\" sizes=\"(max-width: 800px) 100vw, 800px\" \/>\t\t\t\t\t\t\t\t<\/a>\n\t\t\t\t\t\t\t\t\t\t\t<figcaption class=\"widget-image-caption wp-caption-text\">LOVE BANANA <br \/> 2017_Filzwerkstoff Lanisor<br \/> handgeschnitten_108x79cm<\/figcaption>\n\t\t\t\t\t\t\t\t\t\t<\/figure>\n\t\t\t\t\t\t\t\t\t<\/div>\n\t\t\t\t<div class=\"elementor-element elementor-element-5200b50 elementor-widget elementor-widget-image\" data-id=\"5200b50\" data-element_type=\"widget\" data-e-type=\"widget\" data-widget_type=\"image.default\">\n\t\t\t\t\t\t\t\t\t\t\t\t<figure class=\"wp-caption\">\n\t\t\t\t\t\t\t\t\t\t\t<a href=\"https:\/\/alla-grande.com\/wp-content\/uploads\/2026\/02\/2017_RED-LIPS_79x79cm.jpg\">\n\t\t\t\t\t\t\t<img loading=\"lazy\" decoding=\"async\" width=\"800\" height=\"800\" src=\"https:\/\/alla-grande.com\/wp-content\/uploads\/2026\/02\/2017_RED-LIPS_79x79cm-1024x1024.jpg\" class=\"attachment-large size-large wp-image-6630\" alt=\"\" srcset=\"https:\/\/alla-grande.com\/wp-content\/uploads\/2026\/02\/2017_RED-LIPS_79x79cm-1024x1024.jpg 1024w, https:\/\/alla-grande.com\/wp-content\/uploads\/2026\/02\/2017_RED-LIPS_79x79cm-300x300.jpg 300w, https:\/\/alla-grande.com\/wp-content\/uploads\/2026\/02\/2017_RED-LIPS_79x79cm-150x150.jpg 150w, https:\/\/alla-grande.com\/wp-content\/uploads\/2026\/02\/2017_RED-LIPS_79x79cm-768x768.jpg 768w, https:\/\/alla-grande.com\/wp-content\/uploads\/2026\/02\/2017_RED-LIPS_79x79cm-12x12.jpg 12w, https:\/\/alla-grande.com\/wp-content\/uploads\/2026\/02\/2017_RED-LIPS_79x79cm.jpg 1400w\" sizes=\"(max-width: 800px) 100vw, 800px\" \/>\t\t\t\t\t\t\t\t<\/a>\n\t\t\t\t\t\t\t\t\t\t\t<figcaption class=\"widget-image-caption wp-caption-text\">RED LIPS<br \/>2017_Filzwerkstoff Lanisor<br \/>handgeschnitten_79x79cm <\/figcaption>\n\t\t\t\t\t\t\t\t\t\t<\/figure>\n\t\t\t\t\t\t\t\t\t<\/div>\n\t\t\t\t<div class=\"elementor-element elementor-element-b0f3551 elementor-widget elementor-widget-image\" data-id=\"b0f3551\" data-element_type=\"widget\" data-e-type=\"widget\" data-widget_type=\"image.default\">\n\t\t\t\t\t\t\t\t\t\t\t\t<figure class=\"wp-caption\">\n\t\t\t\t\t\t\t\t\t\t\t<a href=\"https:\/\/alla-grande.com\/wp-content\/uploads\/2025\/10\/2016_RED-DOT_79x79x4cm_Filzwerkstoff-Lanisor-1.jpg\">\n\t\t\t\t\t\t\t<img loading=\"lazy\" decoding=\"async\" width=\"800\" height=\"800\" src=\"https:\/\/alla-grande.com\/wp-content\/uploads\/2025\/10\/2016_RED-DOT_79x79x4cm_Filzwerkstoff-Lanisor-1-1024x1024.jpg\" class=\"attachment-large size-large wp-image-1491\" alt=\"\" srcset=\"https:\/\/alla-grande.com\/wp-content\/uploads\/2025\/10\/2016_RED-DOT_79x79x4cm_Filzwerkstoff-Lanisor-1-1024x1024.jpg 1024w, https:\/\/alla-grande.com\/wp-content\/uploads\/2025\/10\/2016_RED-DOT_79x79x4cm_Filzwerkstoff-Lanisor-1-300x300.jpg 300w, https:\/\/alla-grande.com\/wp-content\/uploads\/2025\/10\/2016_RED-DOT_79x79x4cm_Filzwerkstoff-Lanisor-1-150x150.jpg 150w, https:\/\/alla-grande.com\/wp-content\/uploads\/2025\/10\/2016_RED-DOT_79x79x4cm_Filzwerkstoff-Lanisor-1-768x768.jpg 768w, https:\/\/alla-grande.com\/wp-content\/uploads\/2025\/10\/2016_RED-DOT_79x79x4cm_Filzwerkstoff-Lanisor-1-12x12.jpg 12w, https:\/\/alla-grande.com\/wp-content\/uploads\/2025\/10\/2016_RED-DOT_79x79x4cm_Filzwerkstoff-Lanisor-1.jpg 1200w\" sizes=\"(max-width: 800px) 100vw, 800px\" \/>\t\t\t\t\t\t\t\t<\/a>\n\t\t\t\t\t\t\t\t\t\t\t<figcaption class=\"widget-image-caption wp-caption-text\">RED DOT_sold<br \/>2016_Filzwerkstoff Lanisor<br \/>handgeschnitten_79x79cm <\/figcaption>\n\t\t\t\t\t\t\t\t\t\t<\/figure>\n\t\t\t\t\t\t\t\t\t<\/div>\n\t\t\t\t<div class=\"elementor-element elementor-element-23faab1 elementor-widget elementor-widget-image\" data-id=\"23faab1\" data-element_type=\"widget\" data-e-type=\"widget\" data-widget_type=\"image.default\">\n\t\t\t\t\t\t\t\t\t\t\t\t<figure class=\"wp-caption\">\n\t\t\t\t\t\t\t\t\t\t\t<a href=\"https:\/\/alla-grande.com\/wp-content\/uploads\/2026\/02\/2017_STINKEFINGER-WITH-LOVE_50x50cm.jpg\">\n\t\t\t\t\t\t\t<img loading=\"lazy\" decoding=\"async\" width=\"800\" height=\"800\" src=\"https:\/\/alla-grande.com\/wp-content\/uploads\/2026\/02\/2017_STINKEFINGER-WITH-LOVE_50x50cm-1024x1024.jpg\" class=\"attachment-large size-large wp-image-6634\" alt=\"\" srcset=\"https:\/\/alla-grande.com\/wp-content\/uploads\/2026\/02\/2017_STINKEFINGER-WITH-LOVE_50x50cm-1024x1024.jpg 1024w, https:\/\/alla-grande.com\/wp-content\/uploads\/2026\/02\/2017_STINKEFINGER-WITH-LOVE_50x50cm-300x300.jpg 300w, https:\/\/alla-grande.com\/wp-content\/uploads\/2026\/02\/2017_STINKEFINGER-WITH-LOVE_50x50cm-150x150.jpg 150w, https:\/\/alla-grande.com\/wp-content\/uploads\/2026\/02\/2017_STINKEFINGER-WITH-LOVE_50x50cm-768x768.jpg 768w, https:\/\/alla-grande.com\/wp-content\/uploads\/2026\/02\/2017_STINKEFINGER-WITH-LOVE_50x50cm-1536x1536.jpg 1536w, https:\/\/alla-grande.com\/wp-content\/uploads\/2026\/02\/2017_STINKEFINGER-WITH-LOVE_50x50cm-12x12.jpg 12w, https:\/\/alla-grande.com\/wp-content\/uploads\/2026\/02\/2017_STINKEFINGER-WITH-LOVE_50x50cm.jpg 1800w\" sizes=\"(max-width: 800px) 100vw, 800px\" \/>\t\t\t\t\t\t\t\t<\/a>\n\t\t\t\t\t\t\t\t\t\t\t<figcaption class=\"widget-image-caption wp-caption-text\">STINKEFINGER WITH LOVE_sold<br \/>2017_Filzwerkstoff Lanisor<br \/>handgeschnitten_50x50x5,5cm <\/figcaption>\n\t\t\t\t\t\t\t\t\t\t<\/figure>\n\t\t\t\t\t\t\t\t\t<\/div>\n\t\t\t\t<div class=\"elementor-element elementor-element-c2f19db elementor-widget elementor-widget-image\" data-id=\"c2f19db\" data-element_type=\"widget\" data-e-type=\"widget\" data-widget_type=\"image.default\">\n\t\t\t\t\t\t\t\t\t\t\t\t<figure class=\"wp-caption\">\n\t\t\t\t\t\t\t\t\t\t\t<a href=\"https:\/\/alla-grande.com\/wp-content\/uploads\/2026\/02\/2018_THE-THREE-GRACES_120x165cm.jpg\">\n\t\t\t\t\t\t\t<img loading=\"lazy\" decoding=\"async\" width=\"800\" height=\"800\" src=\"https:\/\/alla-grande.com\/wp-content\/uploads\/2026\/02\/2018_THE-THREE-GRACES_120x165cm-1024x1024.jpg\" class=\"attachment-large size-large wp-image-6638\" alt=\"\" srcset=\"https:\/\/alla-grande.com\/wp-content\/uploads\/2026\/02\/2018_THE-THREE-GRACES_120x165cm-1024x1024.jpg 1024w, https:\/\/alla-grande.com\/wp-content\/uploads\/2026\/02\/2018_THE-THREE-GRACES_120x165cm-300x300.jpg 300w, https:\/\/alla-grande.com\/wp-content\/uploads\/2026\/02\/2018_THE-THREE-GRACES_120x165cm-150x150.jpg 150w, https:\/\/alla-grande.com\/wp-content\/uploads\/2026\/02\/2018_THE-THREE-GRACES_120x165cm-768x768.jpg 768w, https:\/\/alla-grande.com\/wp-content\/uploads\/2026\/02\/2018_THE-THREE-GRACES_120x165cm-1536x1536.jpg 1536w, https:\/\/alla-grande.com\/wp-content\/uploads\/2026\/02\/2018_THE-THREE-GRACES_120x165cm-2048x2048.jpg 2048w, https:\/\/alla-grande.com\/wp-content\/uploads\/2026\/02\/2018_THE-THREE-GRACES_120x165cm-12x12.jpg 12w\" sizes=\"(max-width: 800px) 100vw, 800px\" \/>\t\t\t\t\t\t\t\t<\/a>\n\t\t\t\t\t\t\t\t\t\t\t<figcaption class=\"widget-image-caption wp-caption-text\">THE THREE GRACES <br \/> 2017_Filzwerkstoff Lanisor<br \/> handgeschnitten_120x165cm<\/figcaption>\n\t\t\t\t\t\t\t\t\t\t<\/figure>\n\t\t\t\t\t\t\t\t\t<\/div>\n\t\t\t\t\t<\/div>\n\t\t\t\t<\/div>\n\t\t\t\t<\/div>\n\t\t","protected":false},"excerpt":{"rendered":"<p>Acoustic Art &#8211; textile Kunst mit akustischer Wirkung Vision\u00e4re Kunstwerke, die Stille und \u00c4sthetik in Einklang bringen. Textile Resonanz &#8211; aus Funktion wird Emotion Diese Serie untersucht das Zusammenspiel von Funktion und emotionaler Wahrnehmung im Raum. Die Arbeiten l\u00f6sen sich von rein akustischer Zweckgebundenheit und machen erfahrbar, wie textile Strukturen \u00fcber ihre Materialit\u00e4t hinaus r\u00e4umliche [&hellip;]<\/p>\n","protected":false},"author":2,"featured_media":0,"parent":0,"menu_order":0,"comment_status":"closed","ping_status":"closed","template":"","meta":{"footnotes":""},"class_list":["post-931","page","type-page","status-publish","hentry"],"_links":{"self":[{"href":"https:\/\/alla-grande.com\/en\/wp-json\/wp\/v2\/pages\/931","targetHints":{"allow":["GET"]}}],"collection":[{"href":"https:\/\/alla-grande.com\/en\/wp-json\/wp\/v2\/pages"}],"about":[{"href":"https:\/\/alla-grande.com\/en\/wp-json\/wp\/v2\/types\/page"}],"author":[{"embeddable":true,"href":"https:\/\/alla-grande.com\/en\/wp-json\/wp\/v2\/users\/2"}],"replies":[{"embeddable":true,"href":"https:\/\/alla-grande.com\/en\/wp-json\/wp\/v2\/comments?post=931"}],"version-history":[{"count":121,"href":"https:\/\/alla-grande.com\/en\/wp-json\/wp\/v2\/pages\/931\/revisions"}],"predecessor-version":[{"id":6695,"href":"https:\/\/alla-grande.com\/en\/wp-json\/wp\/v2\/pages\/931\/revisions\/6695"}],"wp:attachment":[{"href":"https:\/\/alla-grande.com\/en\/wp-json\/wp\/v2\/media?parent=931"}],"curies":[{"name":"wp","href":"https:\/\/api.w.org\/{rel}","templated":true}]}}